{"id":3056,"date":"2025-10-18T15:03:42","date_gmt":"2025-10-18T15:03:42","guid":{"rendered":"https:\/\/darkgoldenrod-chamois-195325.hostingersite.com\/?page_id=3056"},"modified":"2025-10-18T15:05:37","modified_gmt":"2025-10-18T15:05:37","slug":"mentions-legales","status":"publish","type":"page","link":"https:\/\/frelondahu.fr\/?page_id=3056","title":{"rendered":"Mentions l\u00e9gales"},"content":{"rendered":"\r\n<h1 class=\"wp-block-heading\" id=\"mcetoc_1j7rtlc650\">Mentions l\u00e9gales<\/h1>\r\n\r\n\r\n\r\n<p>Conform\u00e9ment aux dispositions de la loi n\u00b0 2004-575 du 21 juin 2004 pour la confiance en l&rsquo;\u00e9conomie num\u00e9rique, il est pr\u00e9cis\u00e9 aux utilisateurs du site <a href=\"http:\/\/www.frelondahu.fr\">www.frelondahu.fr<\/a> l&rsquo;identit\u00e9 des diff\u00e9rents intervenants dans le cadre de sa r\u00e9alisation et de son suivi.<\/p>\r\n\r\n\r\n\r\n<h2 class=\"wp-block-heading\" id=\"mcetoc_1j7rtlc651\">Edition et cr\u00e9ation du site<\/h2>\r\n\r\n\r\n\r\n<p>Le pr\u00e9sent site, accessible \u00e0 l&rsquo;URL https:\/\/www.frelondahu.fr\/ (le \u00ab Site \u00bb), est \u00e9dit\u00e9 par :<\/p>\r\n\r\n\r\n\r\n<p>DARDARE (Entreprise Individuelle) inscrite sous le num\u00e9ro SIRET 437759921 00012\u00a0 \/\u00a0\u00a0APE: 8129A, dont le si\u00e8ge social est situ\u00e9 \u00e0 PORT-LESNEY, repr\u00e9sent\u00e9 par Daniel HUART d\u00fbment habilit\u00e9.<\/p>\r\n\r\n\r\n\r\n<h2 class=\"wp-block-heading\" id=\"mcetoc_1j7rtlc652\">H\u00e9bergement<\/h2>\r\n\r\n\r\n\r\n<p>Le site est h\u00e9berg\u00e9 par HOSTINGER INTERNATIONAL LTD, dont le si\u00e8ge social se situe\u00a061 Lordou Vironos Street, 6023 Larnaca, Chypre, joignable par le moyen suivant : https:\/\/www.hostinger.fr\/contact.<\/p>\r\n\r\n\r\n\r\n<h2 class=\"wp-block-heading\" id=\"mcetoc_1j7rtlc653\">Nous contacter<\/h2>\r\n\r\n\r\n\r\n<ul class=\"wp-block-list\">\r\n<li>Par t\u00e9l\u00e9phone : 06 80 52 81 69<\/li>\r\n\r\n\r\n\r\n<li>Par email : <span class=\"pep-email\">frelondahu(frelondahu@gmail.com)gmail.com<\/span><\/li>\r\n\r\n\r\n\r\n<li>Par courrier : Daniel HUART &#8211; 5 rue Belv\u00e9d\u00e8re &#8211; 39600 PORT LESNEY<\/li>\r\n<\/ul>\r\n\r\n\r\n\r\n<h2 class=\"wp-block-heading\" id=\"mcetoc_1j7rtlc654\">Recueil de donn\u00e9es personnelles par le Site<\/h2>\r\n\r\n\r\n\r\n<p>Conform\u00e9ment \u00e0 l\u2019article 5 du R\u00e8glement europ\u00e9en 2016\/679, les donn\u00e9es \u00e0 caract\u00e8re personnel sont :<\/p>\r\n\r\n\r\n\r\n<p>Trait\u00e9es de mani\u00e8re licite, loyale et transparente au regard de la personne concern\u00e9e ;<\/p>\r\n\r\n\r\n\r\n<p>Collect\u00e9es pour des finalit\u00e9s d\u00e9termin\u00e9es (cf. Article 3.1 des pr\u00e9sentes), explicites et l\u00e9gitimes, et ne pas \u00eatre trait\u00e9es ult\u00e9rieurement d\u2019une mani\u00e8re incompatible avec ces finalit\u00e9s ;<\/p>\r\n\r\n\r\n\r\n<p>Ad\u00e9quates, pertinentes et limit\u00e9es \u00e0 ce qui est n\u00e9cessaire au regard des finalit\u00e9s pour lesquelles elles sont trait\u00e9es ;<\/p>\r\n\r\n\r\n\r\n<p>Exactes et, si n\u00e9cessaire, tenues \u00e0 jour. Toutes les mesures raisonnables doivent \u00eatre prises pour que les donn\u00e9es \u00e0 caract\u00e8re personnel qui sont inexactes, eu \u00e9gard aux finalit\u00e9s pour lesquelles elles sont trait\u00e9es, soient effac\u00e9es ou rectifi\u00e9es sans tarder ;<\/p>\r\n\r\n\r\n\r\n<p>Conserv\u00e9es sous une forme permettant l\u2019identification des personnes concern\u00e9es pendant une dur\u00e9e n\u2019exc\u00e9dant pas celle n\u00e9cessaire au regard des finalit\u00e9s pour lesquelles elles sont trait\u00e9es ;<\/p>\r\n\r\n\r\n\r\n<p>Trait\u00e9es de fa\u00e7on \u00e0 garantir une s\u00e9curit\u00e9 appropri\u00e9e des donn\u00e9es collect\u00e9es, y compris la protection contre le traitement non autoris\u00e9 ou illicite et contre la perte, la destruction ou les d\u00e9g\u00e2ts d\u2019origine accidentelle, \u00e0 l\u2019aide de mesures techniques ou organisationnelles appropri\u00e9es.<\/p>\r\n\r\n\r\n\r\n<p>Le traitement n\u2019est licite que si, et dans la mesure o\u00f9, au moins une des conditions suivantes est remplie :<\/p>\r\n\r\n\r\n\r\n<p>La personne concern\u00e9e a consenti au traitement de ses donn\u00e9es \u00e0 caract\u00e8re personnel pour une ou plusieurs finalit\u00e9s sp\u00e9cifiques ;<\/p>\r\n\r\n\r\n\r\n<p>Le traitement est n\u00e9cessaire \u00e0 l\u2019ex\u00e9cution d\u2019un contrat auquel la personne concern\u00e9e est partie ou \u00e0 l\u2019ex\u00e9cution de mesures pr\u00e9contractuelles prises \u00e0 la demande de celle-ci ;<\/p>\r\n\r\n\r\n\r\n<p>Le traitement est n\u00e9cessaire au respect d\u2019une obligation l\u00e9gale \u00e0 laquelle le responsable du traitement est soumis ;<\/p>\r\n\r\n\r\n\r\n<p>Le traitement est n\u00e9cessaire \u00e0 la sauvegarde des int\u00e9r\u00eats vitaux de la personne concern\u00e9e ou d\u2019une autre personne physique ;<\/p>\r\n\r\n\r\n\r\n<p>Le traitement est n\u00e9cessaire \u00e0 l\u2019ex\u00e9cution d\u2019une mission d\u2019int\u00e9r\u00eat public ou relevant de l\u2019exercice de l\u2019autorit\u00e9 publique dont est investi le responsable du traitement ;<\/p>\r\n\r\n\r\n\r\n<p>Le traitement est n\u00e9cessaire aux fins des int\u00e9r\u00eats l\u00e9gitimes poursuivis par le responsable du traitement ou par un tiers, \u00e0 moins que ne pr\u00e9valent les int\u00e9r\u00eats ou les libert\u00e9s et droits fondamentaux de la personne concern\u00e9e qui exigent une protection des donn\u00e9es \u00e0 caract\u00e8re personnel, notamment lorsque la personne concern\u00e9e est un enfant.<\/p>\r\n\r\n\r\n\r\n<h3 class=\"wp-block-heading\" id=\"mcetoc_1j7rtlc655\">Donn\u00e9es collect\u00e9es<\/h3>\r\n\r\n\r\n\r\n<p>Les donn\u00e9es personnelles collect\u00e9es dans le cadre de notre activit\u00e9 sont les suivantes :<\/p>\r\n\r\n\r\n\r\n<p>Pr\u00e9nom, Nom, email, adresse postale<\/p>\r\n\r\n\r\n\r\n<p>La collecte et le traitement de ces donn\u00e9es r\u00e9pond \u00e0 aux finalit\u00e9s suivantes :<\/p>\r\n\r\n\r\n\r\n<ul class=\"wp-block-list\">\r\n<li>Demande d\u2019information via le formulaire de contact<\/li>\r\n\r\n\r\n\r\n<li>Traitement des commandes et livraisons des produits achet\u00e9s.<\/li>\r\n<\/ul>\r\n\r\n\r\n\r\n<h3 class=\"wp-block-heading\" id=\"mcetoc_1j7rtlc656\">Politique en mati\u00e8re de \u201ccookies\u201d<\/h3>\r\n\r\n\r\n\r\n<p>Un cookie est un ensemble de donn\u00e9es stock\u00e9 sur le disque dur de votre terminal, par le biais de votre logiciel de navigation, \u00e0 l\u2019occasion de la consultation d\u2019un service en ligne.<\/p>\r\n\r\n\r\n\r\n<p>Ce site utilise Google Analytics. En continuant \u00e0 naviguer, vous nous autorisez \u00e0 d\u00e9poser des cookies \u00e0 des fins de mesure d\u2019audience.<\/p>\r\n\r\n\r\n\r\n<p>Les boutons de partage sur les r\u00e9seaux sociaux utilisent \u00e9galement des cookies g\u00e9n\u00e9r\u00e9s par les r\u00e9seaux sociaux eux-m\u00eames. Le site ne peut \u00eatre tenu responsable de l\u2019utilisation qui est faite de ces cookies.<\/p>\r\n\r\n\r\n\r\n<p>Certaines pages du site d\u00e9posent des cookies de tra\u00e7age sur votre ordinateur \u00e0 des fins de ciblage publicitaire. En continuant \u00e0 naviguer vous acceptez le d\u00e9p\u00f4t et l\u2019utilisation de ces cookies.<\/p>\r\n\r\n\r\n\r\n<p>Les cookies fonctionnels que nous \u00e9mettons nous permettent :<\/p>\r\n\r\n\r\n\r\n<ul class=\"wp-block-list\">\r\n<li>d\u2019adapter la pr\u00e9sentation de notre site, applications et espaces publicitaires aux pr\u00e9f\u00e9rences d\u2019affichage de votre terminal, selon les mat\u00e9riels et les logiciels de visualisation ou de lecture que votre terminal comporte ;<\/li>\r\n\r\n\r\n\r\n<li>de faciliter vos recherches en conservant vos recherches automatiques et vos offres sauvegard\u00e9es ;<\/li>\r\n\r\n\r\n\r\n<li>d\u2019am\u00e9liorer votre exp\u00e9rience utilisateur en pr\u00e9-remplissant certains champs de nos formulaires<\/li>\r\n<\/ul>\r\n\r\n\r\n\r\n<p>Les cookies en eux-m\u00eames ne peuvent servir \u00e0 d\u00e9couvrir l\u2019identit\u00e9 des visiteurs. Si vous ne souhaitez pas que le site ait acc\u00e8s aux cookies, votre navigateur vous permet de refuser ou de d\u00e9sactiver l\u2019utilisation de cookies ; toutefois, veuillez noter que les cookies peuvent \u00eatre n\u00e9cessaires pour permettre au site d\u2019am\u00e9liorer votre utilisation du site.<\/p>\r\n\r\n\r\n\r\n<p>Les fonctionnalit\u00e9s de chaque navigateur \u00e9tant diff\u00e9rentes, veuillez vous r\u00e9f\u00e9rer \u00e0 la rubrique \u00ab Aide \u00bb de votre navigateur pour de plus amples informations sur la fa\u00e7on de refuser ou d\u00e9sactiver l\u2019utilisation de cookies.<\/p>\r\n\r\n\r\n\r\n<p>Vous pouvez \u00e9galement param\u00e9trer vos cookies directement dans les r\u00e9glages de votre navigateur.<\/p>\r\n\r\n\r\n\r\n<ul class=\"wp-block-list\">\r\n<li><strong>Google Chrome :\u00a0<\/strong><a href=\"https:\/\/support.google.com\/chrome\/answer\/95647?hl=fr\">https:\/\/support.google.com\/chrome\/answer\/95647?hl=fr<\/a><\/li>\r\n\r\n\r\n\r\n<li><strong>Internet Explorer :\u00a0<\/strong><a href=\"http:\/\/windows.microsoft.com\/fr-fr\/internet-explorer\/delete-manage-cookies#ie=ie-11\">http:\/\/windows.microsoft.com\/fr-fr\/internet-explorer\/delete-manage-cookies#ie=ie-11<\/a><\/li>\r\n\r\n\r\n\r\n<li><strong>Mozilla Firefox :\u00a0<\/strong><a href=\"http:\/\/support.mozilla.org\/fr\/kb\/activer-desactiver-cookies\">http:\/\/support.mozilla.org\/fr\/kb\/activer-desactiver-cookies<\/a><\/li>\r\n\r\n\r\n\r\n<li><strong>Safari :\u00a0<\/strong><a href=\"http:\/\/www.apple.com\/fr\/privacy\/use-of-cookies\/\">http:\/\/www.apple.com\/fr\/privacy\/use-of-cookies\/<\/a><\/li>\r\n<\/ul>\r\n\r\n\r\n\r\n<h2 class=\"wp-block-heading\" id=\"mcetoc_1j7rtlc657\">Les droits de l&rsquo;utilisateur en mati\u00e8re de collecte et traitement des donn\u00e9es personnelles<\/h2>\r\n\r\n\r\n\r\n<p>Tout utilisateur concern\u00e9 par le traitement de ses donn\u00e9es personnelles peut se pr\u00e9valoir des droits suivants, en application du r\u00e8glement europ\u00e9en 2016\/679 et de la Loi Informatique et Libert\u00e9 (Loi 78-17 du 6 janvier 1978) :<\/p>\r\n\r\n\r\n\r\n<p>Droit d\u2019acc\u00e8s, de rectification et droit \u00e0 l\u2019effacement des donn\u00e9es (pos\u00e9s respectivement aux articles 15, 16 et 17 du RGPD) ;<\/p>\r\n\r\n\r\n\r\n<p>Droit \u00e0 la portabilit\u00e9 des donn\u00e9es (article 20 du RGPD) ;<\/p>\r\n\r\n\r\n\r\n<p>Droit \u00e0 la limitation (article 18 du RGPD) et \u00e0 l\u2019opposition du traitement des donn\u00e9es (article 21 du RGPD) ;<\/p>\r\n\r\n\r\n\r\n<p>Droit de ne pas faire l\u2019objet d\u2019une d\u00e9cision fond\u00e9e exclusivement sur un proc\u00e9d\u00e9 automatis\u00e9 ;<\/p>\r\n\r\n\r\n\r\n<p>Droit de d\u00e9terminer le sort des donn\u00e9es apr\u00e8s la mort ;<\/p>\r\n\r\n\r\n\r\n<p>Droit de saisir l\u2019autorit\u00e9 de contr\u00f4le comp\u00e9tente (article 77 du RGPD).<\/p>\r\n\r\n\r\n\r\n<p>Pour exercer vos droits, veuillez adresser votre courrier \u00e0 Daniel HUART &#8211; 5 rue Belv\u00e9d\u00e8re &#8211; 39600 PORT LESNEY ou par mail \u00e0 <em><span class=\"pep-email\">frelondahu(frelondahu@gmail.com)gmail.com<\/span><\/em><\/p>\r\n\r\n\r\n\r\n<p>Afin que le responsable du traitement des donn\u00e9es puisse faire droit \u00e0 sa demande, l\u2019utilisateur peut \u00eatre tenu de lui communiquer certaines informations telles que : ses noms et pr\u00e9noms, son adresse e-mail ainsi que son num\u00e9ro de compte, d\u2019espace personnel ou d\u2019abonn\u00e9.<\/p>\r\n\r\n\r\n\r\n<p>Consultez le site cnil.fr pour plus d\u2019informations sur vos droits.<\/p>\r\n\r\n\r\n\r\n<p>La pr\u00e9sente politique, \u00e9dit\u00e9e le 11 juillet 2025<\/p>\r\n","protected":false},"excerpt":{"rendered":"<p>Mentions l\u00e9gales Conform\u00e9ment aux dispositions de la loi n\u00b0 2004-575 du 21 juin 2004 pour la confiance en l&rsquo;\u00e9conomie num\u00e9rique, il est pr\u00e9cis\u00e9 aux utilisateurs du site www.frelondahu.fr l&rsquo;identit\u00e9 des diff\u00e9rents intervenants dans le cadre de sa r\u00e9alisation et de son suivi. Edition et cr\u00e9ation du site Le pr\u00e9sent site, accessible \u00e0 l&rsquo;URL https:\/\/www.frelondahu.fr\/ (le [&hellip;]<\/p>\n","protected":false},"author":2,"featured_media":0,"parent":0,"menu_order":0,"comment_status":"closed","ping_status":"closed","template":"elementor_header_footer","meta":{"_uag_custom_page_level_css":"","ocean_post_layout":"","ocean_both_sidebars_style":"","ocean_both_sidebars_content_width":0,"ocean_both_sidebars_sidebars_width":0,"ocean_sidebar":"0","ocean_second_sidebar":"0","ocean_disable_margins":"enable","ocean_add_body_class":"","ocean_shortcode_before_top_bar":"","ocean_shortcode_after_top_bar":"","ocean_shortcode_before_header":"","ocean_shortcode_after_header":"","ocean_has_shortcode":"","ocean_shortcode_after_title":"","ocean_shortcode_before_footer_widgets":"","ocean_shortcode_after_footer_widgets":"","ocean_shortcode_before_footer_bottom":"","ocean_shortcode_after_footer_bottom":"","ocean_display_top_bar":"default","ocean_display_header":"default","ocean_header_style":"","ocean_center_header_left_menu":"0","ocean_custom_header_template":"0","ocean_custom_logo":0,"ocean_custom_retina_logo":0,"ocean_custom_logo_max_width":0,"ocean_custom_logo_tablet_max_width":0,"ocean_custom_logo_mobile_max_width":0,"ocean_custom_logo_max_height":0,"ocean_custom_logo_tablet_max_height":0,"ocean_custom_logo_mobile_max_height":0,"ocean_header_custom_menu":"0","ocean_menu_typo_font_family":"0","ocean_menu_typo_font_subset":"","ocean_menu_typo_font_size":0,"ocean_menu_typo_font_size_tablet":0,"ocean_menu_typo_font_size_mobile":0,"ocean_menu_typo_font_size_unit":"px","ocean_menu_typo_font_weight":"","ocean_menu_typo_font_weight_tablet":"","ocean_menu_typo_font_weight_mobile":"","ocean_menu_typo_transform":"","ocean_menu_typo_transform_tablet":"","ocean_menu_typo_transform_mobile":"","ocean_menu_typo_line_height":0,"ocean_menu_typo_line_height_tablet":0,"ocean_menu_typo_line_height_mobile":0,"ocean_menu_typo_line_height_unit":"","ocean_menu_typo_spacing":0,"ocean_menu_typo_spacing_tablet":0,"ocean_menu_typo_spacing_mobile":0,"ocean_menu_typo_spacing_unit":"","ocean_menu_link_color":"","ocean_menu_link_color_hover":"","ocean_menu_link_color_active":"","ocean_menu_link_background":"","ocean_menu_link_hover_background":"","ocean_menu_link_active_background":"","ocean_menu_social_links_bg":"","ocean_menu_social_hover_links_bg":"","ocean_menu_social_links_color":"","ocean_menu_social_hover_links_color":"","ocean_disable_title":"default","ocean_disable_heading":"default","ocean_post_title":"","ocean_post_subheading":"","ocean_post_title_style":"","ocean_post_title_background_color":"","ocean_post_title_background":0,"ocean_post_title_bg_image_position":"","ocean_post_title_bg_image_attachment":"","ocean_post_title_bg_image_repeat":"","ocean_post_title_bg_image_size":"","ocean_post_title_height":0,"ocean_post_title_bg_overlay":0.5,"ocean_post_title_bg_overlay_color":"","ocean_disable_breadcrumbs":"default","ocean_breadcrumbs_color":"","ocean_breadcrumbs_separator_color":"","ocean_breadcrumbs_links_color":"","ocean_breadcrumbs_links_hover_color":"","ocean_display_footer_widgets":"default","ocean_display_footer_bottom":"default","ocean_custom_footer_template":"0","footnotes":""},"class_list":["post-3056","page","type-page","status-publish","hentry","entry"],"aioseo_notices":[],"uagb_featured_image_src":{"full":false,"thumbnail":false,"medium":false,"medium_large":false,"large":false,"1536x1536":false,"2048x2048":false,"ocean-thumb-m":false,"ocean-thumb-ml":false,"ocean-thumb-l":false},"uagb_author_info":{"display_name":"jean-luc gillet","author_link":"https:\/\/frelondahu.fr\/?author=2"},"uagb_comment_info":0,"uagb_excerpt":"Mentions l\u00e9gales Conform\u00e9ment aux dispositions de la loi n\u00b0 2004-575 du 21 juin 2004 pour la confiance en l&rsquo;\u00e9conomie num\u00e9rique, il est pr\u00e9cis\u00e9 aux utilisateurs du site www.frelondahu.fr l&rsquo;identit\u00e9 des diff\u00e9rents intervenants dans le cadre de sa r\u00e9alisation et de son suivi. Edition et cr\u00e9ation du site Le pr\u00e9sent site, accessible \u00e0 l&rsquo;URL https:\/\/www.frelondahu.fr\/ (le\u2026","_links":{"self":[{"href":"https:\/\/frelondahu.fr\/index.php?rest_route=\/wp\/v2\/pages\/3056","targetHints":{"allow":["GET"]}}],"collection":[{"href":"https:\/\/frelondahu.fr\/index.php?rest_route=\/wp\/v2\/pages"}],"about":[{"href":"https:\/\/frelondahu.fr\/index.php?rest_route=\/wp\/v2\/types\/page"}],"author":[{"embeddable":true,"href":"https:\/\/frelondahu.fr\/index.php?rest_route=\/wp\/v2\/users\/2"}],"replies":[{"embeddable":true,"href":"https:\/\/frelondahu.fr\/index.php?rest_route=%2Fwp%2Fv2%2Fcomments&post=3056"}],"version-history":[{"count":4,"href":"https:\/\/frelondahu.fr\/index.php?rest_route=\/wp\/v2\/pages\/3056\/revisions"}],"predecessor-version":[{"id":3064,"href":"https:\/\/frelondahu.fr\/index.php?rest_route=\/wp\/v2\/pages\/3056\/revisions\/3064"}],"wp:attachment":[{"href":"https:\/\/frelondahu.fr\/index.php?rest_route=%2Fwp%2Fv2%2Fmedia&parent=3056"}],"curies":[{"name":"wp","href":"https:\/\/api.w.org\/{rel}","templated":true}]}}